{"id":76,"date":"2018-01-04T23:53:40","date_gmt":"2018-01-05T02:53:40","guid":{"rendered":"http:\/\/politecnicosanramon.cl\/casa_central\/?page_id=76"},"modified":"2025-06-19T16:43:42","modified_gmt":"2025-06-19T20:43:42","slug":"asistencia-en-geologia","status":"publish","type":"page","link":"https:\/\/politecnicosanramon.cl\/casa-central\/asistencia-en-geologia\/","title":{"rendered":"Asistencia en Geolog\u00eda"},"content":{"rendered":"<div id='av-layout-grid-1'  class='av-layout-grid-container av-28b0-2ee92d1bb95fe2318db7c734c293d822 entry-content-wrapper main_color av-flex-cells  avia-builder-el-0  el_before_av_section  avia-builder-el-first   container_wrap fullsize'  >\n\n<style type=\"text\/css\" data-created_by=\"avia_inline_auto\" id=\"style-css-av-5p2mc-17a406b28c3ef0a23897dc4ca013203a\">\n.flex_cell.av-5p2mc-17a406b28c3ef0a23897dc4ca013203a{\nvertical-align:top;\npadding:5px 5px 5px 5px;\nbackground-color:#72131f;\n}\n<\/style>\n<div class='flex_cell av-5p2mc-17a406b28c3ef0a23897dc4ca013203a av-gridrow-cell av_one_half no_margin  avia-builder-el-1  el_before_av_cell_one_half  avia-builder-el-first ' ><div class='flex_cell_inner'><\/div><\/div>\n<style type=\"text\/css\" data-created_by=\"avia_inline_auto\" id=\"style-css-av-50w68-22aa26b688b485704ef94c4b6f2c7ebc\">\n.flex_cell.av-50w68-22aa26b688b485704ef94c4b6f2c7ebc{\nvertical-align:top;\npadding:5px 5px 5px 5px;\nbackground-color:#72131f;\n}\n<\/style>\n<div class='flex_cell av-50w68-22aa26b688b485704ef94c4b6f2c7ebc av-gridrow-cell av_one_half no_margin  avia-builder-el-2  el_after_av_cell_one_half  avia-builder-el-last ' ><div class='flex_cell_inner'><\/div><\/div>\n<\/div>\n<div id='av_section_1'  class='avia-section av-4pnrw-bc92e43d2475c8d90d98426176402618 main_color avia-section-default avia-no-shadow  avia-builder-el-3  el_after_av_layout_row  avia-builder-el-last  avia-bg-style-scroll container_wrap fullsize'  ><div class='container av-section-cont-open' ><div class='template-page content  av-content-full alpha units'><div class='post-entry post-entry-type-page post-entry-76'><div class='entry-content-wrapper clearfix'>\n\n<style type=\"text\/css\" data-created_by=\"avia_inline_auto\" id=\"style-css-av-dtz4-ccb972889c4ba53f65ea3154a2c1e9f1\">\n.flex_column.av-dtz4-ccb972889c4ba53f65ea3154a2c1e9f1{\n-webkit-border-radius:0px 0px 0px 0px;\n-moz-border-radius:0px 0px 0px 0px;\nborder-radius:0px 0px 0px 0px;\n}\n<\/style>\n<div class='flex_column av-dtz4-ccb972889c4ba53f65ea3154a2c1e9f1 av_one_third  avia-builder-el-4  el_before_av_two_third  avia-builder-el-first  first flex_column_div av-zero-column-padding '     ><div  class='avia-builder-widget-area clearfix  avia-builder-el-5  avia-builder-el-no-sibling '><div id=\"nav_menu-2\" class=\"widget clearfix widget_nav_menu\"><h3 class=\"widgettitle\">Especialidades T\u00e9cnico Profesional<\/h3><div class=\"menu-especial-container\"><ul id=\"menu-especial\" class=\"menu\"><li id=\"menu-item-61\" class=\"menu-item menu-item-type-post_type menu-item-object-page menu-item-61\"><a href=\"https:\/\/politecnicosanramon.cl\/casa-central\/especialidades\/\">Qu\u00edmica Industrial Menci\u00f3n Laboratorio Qu\u00edmico<\/a><\/li>\n<li id=\"menu-item-79\" class=\"menu-item menu-item-type-post_type menu-item-object-page menu-item-79\"><a href=\"https:\/\/politecnicosanramon.cl\/casa-central\/atencion-de-parvulos\/\">Atenci\u00f3n de P\u00e1rvulos<\/a><\/li>\n<li id=\"menu-item-80\" class=\"menu-item menu-item-type-post_type menu-item-object-page menu-item-80\"><a href=\"https:\/\/politecnicosanramon.cl\/casa-central\/gastronomia-mencion-cocina\/\">Gastronom\u00eda Menci\u00f3n Cocina<\/a><\/li>\n<li id=\"menu-item-81\" class=\"menu-item menu-item-type-post_type menu-item-object-page menu-item-81\"><a href=\"https:\/\/politecnicosanramon.cl\/casa-central\/telecomunicaciones\/\">Telecomunicaciones<\/a><\/li>\n<li id=\"menu-item-82\" class=\"menu-item menu-item-type-post_type menu-item-object-page menu-item-82\"><a href=\"https:\/\/politecnicosanramon.cl\/casa-central\/administracion-mencion-recursos-humanos\/\">Administraci\u00f3n Menci\u00f3n Recursos Humanos<\/a><\/li>\n<li id=\"menu-item-83\" class=\"menu-item menu-item-type-post_type menu-item-object-page menu-item-83\"><a href=\"https:\/\/politecnicosanramon.cl\/casa-central\/asistencia-en-geologia\/\">Asistencia en Geolog\u00eda<\/a><\/li>\n<\/ul><\/div><\/div><\/div><\/div>\n<style type=\"text\/css\" data-created_by=\"avia_inline_auto\" id=\"style-css-av-2gm9c-7f8dd506232c04366d5b20b188a2d2f7\">\n.flex_column.av-2gm9c-7f8dd506232c04366d5b20b188a2d2f7{\n-webkit-border-radius:0px 0px 0px 0px;\n-moz-border-radius:0px 0px 0px 0px;\nborder-radius:0px 0px 0px 0px;\n}\n<\/style>\n<div class='flex_column av-2gm9c-7f8dd506232c04366d5b20b188a2d2f7 av_two_third  avia-builder-el-6  el_after_av_one_third  avia-builder-el-last  flex_column_div av-zero-column-padding '     ><p>\n<style type=\"text\/css\" data-created_by=\"avia_inline_auto\" id=\"style-css-av-yjcg-a2c3e7fa44e5897c963c8dad809bd4d6\">\n#top .av-special-heading.av-yjcg-a2c3e7fa44e5897c963c8dad809bd4d6{\npadding-bottom:10px;\ncolor:#72131f;\n}\nbody .av-special-heading.av-yjcg-a2c3e7fa44e5897c963c8dad809bd4d6 .av-special-heading-tag .heading-char{\nfont-size:25px;\n}\n.av-special-heading.av-yjcg-a2c3e7fa44e5897c963c8dad809bd4d6 .special-heading-inner-border{\nborder-color:#72131f;\n}\n.av-special-heading.av-yjcg-a2c3e7fa44e5897c963c8dad809bd4d6 .av-subheading{\nfont-size:15px;\n}\n<\/style>\n<div  class='av-special-heading av-yjcg-a2c3e7fa44e5897c963c8dad809bd4d6 av-special-heading-h3 custom-color-heading  avia-builder-el-7  el_before_av_textblock  avia-builder-el-first '><h3 class='av-special-heading-tag'  itemprop=\"headline\"  >Asistencia en Geolog\u00eda (sector Minero)<\/h3><div class=\"special-heading-border\"><div class=\"special-heading-inner-border\"><\/div><\/div><\/div><br \/>\n<section  class='av_textblock_section av-1go78-75d6f2c29fb2992c9bc73b6f60a05e16'  itemscope=\"itemscope\" itemtype=\"https:\/\/schema.org\/CreativeWork\" ><div class='avia_textblock'  itemprop=\"text\" ><p style=\"text-align: justify;\">Formamos un Profesional para desempe\u00f1arse en empresas de Geolog\u00eda que prestan servicio a la miner\u00eda, realizando prospecciones y desarrollo de la explotaci\u00f3n minera. Realizando trabajos topogr\u00e1ficos, control de sondaje, muestreo y clasificaci\u00f3n de materiales, manejando instrumentos de la especialidad.<\/p>\n<\/div><\/section><br \/>\n\n<style type=\"text\/css\" data-created_by=\"avia_inline_auto\" id=\"style-css-av-qrk8-f8c5e4256904252cf361b78728c24fbe\">\n.avia-image-container.av-qrk8-f8c5e4256904252cf361b78728c24fbe img.avia_image{\nbox-shadow:none;\n}\n.avia-image-container.av-qrk8-f8c5e4256904252cf361b78728c24fbe .av-image-caption-overlay-center{\ncolor:#ffffff;\n}\n<\/style>\n<div  class='avia-image-container av-qrk8-f8c5e4256904252cf361b78728c24fbe av-styling- avia-align-center  avia-builder-el-9  el_after_av_textblock  avia-builder-el-last '   itemprop=\"image\" itemscope=\"itemscope\" itemtype=\"https:\/\/schema.org\/ImageObject\" ><div class=\"avia-image-container-inner\"><div class=\"avia-image-overlay-wrap\"><img decoding=\"async\" class='wp-image-1345 avia-img-lazy-loading-not-1345 avia_image ' src=\"https:\/\/politecnicosanramon.cl\/casa-central\/wp-content\/uploads\/2025\/06\/IMG_9915.jpg\" alt='' title='IMG_9915'  height=\"667\" width=\"1000\"  itemprop=\"thumbnailUrl\" srcset=\"https:\/\/politecnicosanramon.cl\/casa-central\/wp-content\/uploads\/2025\/06\/IMG_9915.jpg 1000w, https:\/\/politecnicosanramon.cl\/casa-central\/wp-content\/uploads\/2025\/06\/IMG_9915-300x200.jpg 300w, https:\/\/politecnicosanramon.cl\/casa-central\/wp-content\/uploads\/2025\/06\/IMG_9915-768x512.jpg 768w, https:\/\/politecnicosanramon.cl\/casa-central\/wp-content\/uploads\/2025\/06\/IMG_9915-705x470.jpg 705w\" sizes=\"(max-width: 1000px) 100vw, 1000px\" \/><\/div><\/div><\/div><\/p><\/div>\n","protected":false},"excerpt":{"rendered":"","protected":false},"author":1,"featured_media":0,"parent":0,"menu_order":0,"comment_status":"closed","ping_status":"closed","template":"","meta":{"footnotes":""},"class_list":["post-76","page","type-page","status-publish","hentry"],"_links":{"self":[{"href":"https:\/\/politecnicosanramon.cl\/casa-central\/wp-json\/wp\/v2\/pages\/76","targetHints":{"allow":["GET"]}}],"collection":[{"href":"https:\/\/politecnicosanramon.cl\/casa-central\/wp-json\/wp\/v2\/pages"}],"about":[{"href":"https:\/\/politecnicosanramon.cl\/casa-central\/wp-json\/wp\/v2\/types\/page"}],"author":[{"embeddable":true,"href":"https:\/\/politecnicosanramon.cl\/casa-central\/wp-json\/wp\/v2\/users\/1"}],"replies":[{"embeddable":true,"href":"https:\/\/politecnicosanramon.cl\/casa-central\/wp-json\/wp\/v2\/comments?post=76"}],"version-history":[{"count":5,"href":"https:\/\/politecnicosanramon.cl\/casa-central\/wp-json\/wp\/v2\/pages\/76\/revisions"}],"predecessor-version":[{"id":1406,"href":"https:\/\/politecnicosanramon.cl\/casa-central\/wp-json\/wp\/v2\/pages\/76\/revisions\/1406"}],"wp:attachment":[{"href":"https:\/\/politecnicosanramon.cl\/casa-central\/wp-json\/wp\/v2\/media?parent=76"}],"curies":[{"name":"wp","href":"https:\/\/api.w.org\/{rel}","templated":true}]}}