{"id":15,"date":"2018-01-04T01:46:58","date_gmt":"2018-01-04T04:46:58","guid":{"rendered":"http:\/\/politecnicosanramon.cl\/sede_venancia_leiva\/?page_id=15"},"modified":"2025-05-10T17:55:39","modified_gmt":"2025-05-10T21:55:39","slug":"quienes-somos","status":"publish","type":"page","link":"https:\/\/politecnicosanramon.cl\/venancia-leiva\/quienes-somos\/","title":{"rendered":"Qui\u00e9nes Somos"},"content":{"rendered":"<div id='av-layout-grid-1'  class='av-layout-grid-container av-77qjv-ce660e096e5a33127a30369c8ff9b087 entry-content-wrapper main_color av-flex-cells  avia-builder-el-0  el_before_av_section  avia-builder-el-first   container_wrap fullsize'  >\n\n<style type=\"text\/css\" data-created_by=\"avia_inline_auto\" id=\"style-css-av-oqd7-69e47b7536cd186e8189aed02b3fbd84\">\n.flex_cell.av-oqd7-69e47b7536cd186e8189aed02b3fbd84{\nvertical-align:top;\npadding:5px 5px 5px 5px;\nbackground-color:#72131f;\n}\n<\/style>\n<div class='flex_cell av-oqd7-69e47b7536cd186e8189aed02b3fbd84 av-gridrow-cell av_one_half no_margin  avia-builder-el-1  el_before_av_cell_one_half  avia-builder-el-first ' ><div class='flex_cell_inner'><\/div><\/div>\n<style type=\"text\/css\" data-created_by=\"avia_inline_auto\" id=\"style-css-av-695hn-a3615cd6b1b96f592ac8c928248d2eb0\">\n.flex_cell.av-695hn-a3615cd6b1b96f592ac8c928248d2eb0{\nvertical-align:top;\npadding:5px 5px 5px 5px;\nbackground-color:#72131f;\n}\n<\/style>\n<div class='flex_cell av-695hn-a3615cd6b1b96f592ac8c928248d2eb0 av-gridrow-cell av_one_half no_margin  avia-builder-el-2  el_after_av_cell_one_half  avia-builder-el-last ' ><div class='flex_cell_inner'><\/div><\/div>\n<\/div>\n<div id='av_section_1'  class='avia-section av-5meyz-7f189a6e0fa6bf26a8a5fdb7e2628059 main_color avia-section-default avia-no-shadow  avia-builder-el-3  el_after_av_layout_row  avia-builder-el-last  avia-bg-style-scroll container_wrap fullsize'  ><div class='container av-section-cont-open' ><div class='template-page content  av-content-full alpha units'><div class='post-entry post-entry-type-page post-entry-15'><div class='entry-content-wrapper clearfix'>\n\n<style type=\"text\/css\" data-created_by=\"avia_inline_auto\" id=\"style-css-av-52neb-89a24daf3578f7d30e9cfa7bfbc4dab8\">\n.flex_column.av-52neb-89a24daf3578f7d30e9cfa7bfbc4dab8{\n-webkit-border-radius:0px 0px 0px 0px;\n-moz-border-radius:0px 0px 0px 0px;\nborder-radius:0px 0px 0px 0px;\n}\n<\/style>\n<div class='flex_column av-52neb-89a24daf3578f7d30e9cfa7bfbc4dab8 av_one_full  avia-builder-el-4  avia-builder-el-no-sibling  first flex_column_div av-zero-column-padding '     ><p>\n<style type=\"text\/css\" data-created_by=\"avia_inline_auto\" id=\"style-css-av-1zi0b-c0cf6c006db7669700bfb166084ac205\">\n#top .av-special-heading.av-1zi0b-c0cf6c006db7669700bfb166084ac205{\npadding-bottom:5px;\ncolor:#72131f;\n}\nbody .av-special-heading.av-1zi0b-c0cf6c006db7669700bfb166084ac205 .av-special-heading-tag .heading-char{\nfont-size:25px;\n}\n.av-special-heading.av-1zi0b-c0cf6c006db7669700bfb166084ac205 .special-heading-inner-border{\nborder-color:#72131f;\n}\n.av-special-heading.av-1zi0b-c0cf6c006db7669700bfb166084ac205 .av-subheading{\nfont-size:15px;\n}\n<\/style>\n<div  class='av-special-heading av-1zi0b-c0cf6c006db7669700bfb166084ac205 av-special-heading-h3 custom-color-heading  avia-builder-el-5  el_before_av_textblock  avia-builder-el-first '><h3 class='av-special-heading-tag'  itemprop=\"headline\"  >Sobre Nosotros<\/h3><div class=\"special-heading-border\"><div class=\"special-heading-inner-border\"><\/div><\/div><\/div><br \/>\n<section  class='av_textblock_section av-43nwn-a118b27fbfe271477eeb98782a543e24'  itemscope=\"itemscope\" itemtype=\"https:\/\/schema.org\/CreativeWork\" ><div class='avia_textblock'  itemprop=\"text\" ><p style=\"text-align: justify;\">Pertenecemos a una instituci\u00f3n con m\u00e1s de 50 a\u00f1os de experiencia al servicio de la educaci\u00f3n particular subvencionada, con una amplia labor en las comunas de la Cisterna, La Pintana, El Bosque, \u00d1u\u00f1oa, San Bernardo y Conchal\u00ed, entre otras. La formaci\u00f3n integral de los alumnos dentro de la concepci\u00f3n humanista, Cristiana, centrada en los valores, ha sido nuestro principal objetivo como instituci\u00f3n al servicio de la educaci\u00f3n.<\/p>\n<p style=\"text-align: justify;\">Entender los avances cient\u00edficos, tecnol\u00f3gicos y comunicacionales es fundamental para que los alumnos se integren de manera positiva a una sociedad cada vez m\u00e1s participativa y solidaria.<\/p>\n<\/div><\/section><br \/>\n\n<style type=\"text\/css\" data-created_by=\"avia_inline_auto\" id=\"style-css-av-1pb17-b17fa0f3a113ad9ea8e5664fef16a5ce\">\n#top .av-special-heading.av-1pb17-b17fa0f3a113ad9ea8e5664fef16a5ce{\npadding-bottom:5px;\ncolor:#72131f;\n}\nbody .av-special-heading.av-1pb17-b17fa0f3a113ad9ea8e5664fef16a5ce .av-special-heading-tag .heading-char{\nfont-size:25px;\n}\n.av-special-heading.av-1pb17-b17fa0f3a113ad9ea8e5664fef16a5ce .special-heading-inner-border{\nborder-color:#72131f;\n}\n.av-special-heading.av-1pb17-b17fa0f3a113ad9ea8e5664fef16a5ce .av-subheading{\nfont-size:15px;\n}\n<\/style>\n<div  class='av-special-heading av-1pb17-b17fa0f3a113ad9ea8e5664fef16a5ce av-special-heading-h3 custom-color-heading  avia-builder-el-7  el_after_av_textblock  el_before_av_textblock '><h3 class='av-special-heading-tag'  itemprop=\"headline\"  >Nuestra Misi\u00f3n<\/h3><div class=\"special-heading-border\"><div class=\"special-heading-inner-border\"><\/div><\/div><\/div><br \/>\n<section  class='av_textblock_section av-2lakr-e8395a3d30c65ebbf71f52f06bcd4e55'  itemscope=\"itemscope\" itemtype=\"https:\/\/schema.org\/CreativeWork\" ><div class='avia_textblock'  itemprop=\"text\" ><p style=\"text-align: justify;\">Entregar educaci\u00f3n y formaci\u00f3n integral en el \u00e1rea T\u00e9cnico Profesional que permita la transformaci\u00f3n Social y Cultural de nuestros alumnos y su ingreso al mundo laboral. Una educaci\u00f3n inspirada en valores Cristianos y en un clima de constante superaci\u00f3n y fraternidad al interior de la instituci\u00f3n.<\/p>\n<p style=\"text-align: justify;\">Nuestro s\u00f3lido prestigio como Colegio T\u00e9cnico Profesional, se basa en una formaci\u00f3n de valores y actitudes que promueven a un ser humano integral y vers\u00e1til, capaz de adaptarse a los nuevos tiempos y sus exigencias. Con un cuerpo docente altamente calificado y en permanente perfeccionamiento, cuyo objetivo es entregar conocimiento en un ambiente c\u00e1lido y arm\u00f3nico.<\/p>\n<p style=\"text-align: justify;\">Entender los avances cient\u00edficos, tecnol\u00f3gicos y comunicacionales es fundamental para que los alumnos se integren de manera positiva a una sociedad cada vez m\u00e1s participativa y solidaria.<\/p>\n<\/div><\/section><br \/>\n\n<style type=\"text\/css\" data-created_by=\"avia_inline_auto\" id=\"style-css-av-123jf-03c456d941f8f87148a4c6a029066061\">\n#top .av-special-heading.av-123jf-03c456d941f8f87148a4c6a029066061{\npadding-bottom:5px;\ncolor:#72131f;\n}\nbody .av-special-heading.av-123jf-03c456d941f8f87148a4c6a029066061 .av-special-heading-tag .heading-char{\nfont-size:25px;\n}\n.av-special-heading.av-123jf-03c456d941f8f87148a4c6a029066061 .special-heading-inner-border{\nborder-color:#72131f;\n}\n.av-special-heading.av-123jf-03c456d941f8f87148a4c6a029066061 .av-subheading{\nfont-size:15px;\n}\n<\/style>\n<div  class='av-special-heading av-123jf-03c456d941f8f87148a4c6a029066061 av-special-heading-h3 custom-color-heading  avia-builder-el-9  el_after_av_textblock  el_before_av_textblock '><h3 class='av-special-heading-tag'  itemprop=\"headline\"  >Beneficios para el alumno<\/h3><div class=\"special-heading-border\"><div class=\"special-heading-inner-border\"><\/div><\/div><\/div><br \/>\n<section  class='av_textblock_section av-1om3z-d6ef14c7a68d6250707c37310a0d902b'  itemscope=\"itemscope\" itemtype=\"https:\/\/schema.org\/CreativeWork\" ><div class='avia_textblock'  itemprop=\"text\" ><p style=\"text-align: justify;\">Computaci\u00f3n en todos los cursos con Internet banda ancha, orientaci\u00f3n vocacional, Bibliotecas y salas audiovisuales, preuniversitario gratuito, desayuno y almuerzo JUNAEB.<\/p>\n<p style=\"text-align: justify;\">CORO: Taller que ha obtenido en varias oportunidades el 1er lugar en eventos musicales, entre ellos \u00abPrograma Crecer Cantando\u00bb en el Teatro Municipal de Santiago.<\/p>\n<\/div><\/section><br \/>\n\n<style type=\"text\/css\" data-created_by=\"avia_inline_auto\" id=\"style-css-av-14urn-d349328a8e28115e136dd5ae1be5e8af\">\n.avia-image-container.av-14urn-d349328a8e28115e136dd5ae1be5e8af img.avia_image{\nbox-shadow:none;\n}\n.avia-image-container.av-14urn-d349328a8e28115e136dd5ae1be5e8af .av-image-caption-overlay-center{\ncolor:#ffffff;\n}\n<\/style>\n<div  class='avia-image-container av-14urn-d349328a8e28115e136dd5ae1be5e8af av-styling- av-hover-grow avia-align-center  avia-builder-el-11  el_after_av_textblock  avia-builder-el-last '   itemprop=\"image\" itemscope=\"itemscope\" itemtype=\"https:\/\/schema.org\/ImageObject\" ><div class=\"avia-image-container-inner\"><div class=\"avia-image-overlay-wrap\"><img decoding=\"async\" class='wp-image-865 avia-img-lazy-loading-not-865 avia_image ' src=\"https:\/\/politecnicosanramon.cl\/venancia-leiva\/wp-content\/uploads\/2025\/05\/para-web.jpg\" alt='' title='para web'  height=\"470\" width=\"700\"  itemprop=\"thumbnailUrl\" srcset=\"https:\/\/politecnicosanramon.cl\/venancia-leiva\/wp-content\/uploads\/2025\/05\/para-web.jpg 700w, https:\/\/politecnicosanramon.cl\/venancia-leiva\/wp-content\/uploads\/2025\/05\/para-web-300x201.jpg 300w\" sizes=\"(max-width: 700px) 100vw, 700px\" \/><\/div><\/div><\/div><\/p><\/div>\n","protected":false},"excerpt":{"rendered":"","protected":false},"author":1,"featured_media":0,"parent":0,"menu_order":0,"comment_status":"closed","ping_status":"closed","template":"","meta":{"footnotes":""},"class_list":["post-15","page","type-page","status-publish","hentry"],"_links":{"self":[{"href":"https:\/\/politecnicosanramon.cl\/venancia-leiva\/wp-json\/wp\/v2\/pages\/15","targetHints":{"allow":["GET"]}}],"collection":[{"href":"https:\/\/politecnicosanramon.cl\/venancia-leiva\/wp-json\/wp\/v2\/pages"}],"about":[{"href":"https:\/\/politecnicosanramon.cl\/venancia-leiva\/wp-json\/wp\/v2\/types\/page"}],"author":[{"embeddable":true,"href":"https:\/\/politecnicosanramon.cl\/venancia-leiva\/wp-json\/wp\/v2\/users\/1"}],"replies":[{"embeddable":true,"href":"https:\/\/politecnicosanramon.cl\/venancia-leiva\/wp-json\/wp\/v2\/comments?post=15"}],"version-history":[{"count":10,"href":"https:\/\/politecnicosanramon.cl\/venancia-leiva\/wp-json\/wp\/v2\/pages\/15\/revisions"}],"predecessor-version":[{"id":864,"href":"https:\/\/politecnicosanramon.cl\/venancia-leiva\/wp-json\/wp\/v2\/pages\/15\/revisions\/864"}],"wp:attachment":[{"href":"https:\/\/politecnicosanramon.cl\/venancia-leiva\/wp-json\/wp\/v2\/media?parent=15"}],"curies":[{"name":"wp","href":"https:\/\/api.w.org\/{rel}","templated":true}]}}