{"id":193,"date":"2018-07-16T18:13:44","date_gmt":"2018-07-16T21:13:44","guid":{"rendered":"http:\/\/politecnicosanramon.cl\/sede_venancia_leiva\/?page_id=193"},"modified":"2026-03-24T21:02:41","modified_gmt":"2026-03-25T00:02:41","slug":"documentos-de-interes","status":"publish","type":"page","link":"https:\/\/politecnicosanramon.cl\/venancia-leiva\/documentos-de-interes\/","title":{"rendered":"Documentos de Inter\u00e9s"},"content":{"rendered":"\n<style type=\"text\/css\" data-created_by=\"avia_inline_auto\" id=\"style-css-av-a3sll-8adb79f74a2a7256054d937471320c28\">\n#top .av-special-heading.av-a3sll-8adb79f74a2a7256054d937471320c28{\npadding-bottom:10px;\n}\nbody .av-special-heading.av-a3sll-8adb79f74a2a7256054d937471320c28 .av-special-heading-tag .heading-char{\nfont-size:25px;\n}\n.av-special-heading.av-a3sll-8adb79f74a2a7256054d937471320c28 .av-subheading{\nfont-size:15px;\n}\n<\/style>\n<div  class='av-special-heading av-a3sll-8adb79f74a2a7256054d937471320c28 av-special-heading-h3 blockquote modern-quote  avia-builder-el-0  el_before_av_iconlist  avia-builder-el-first '><h3 class='av-special-heading-tag'  itemprop=\"headline\"  >Documentos de Inter\u00e9s para Apoderados y Alumnos:<\/h3><div class=\"special-heading-border\"><div class=\"special-heading-inner-border\"><\/div><\/div><\/div>\n<div  class='avia-icon-list-container av-3kn0yx-c5afac6f4b59ac2964acce1c7aaa4079  avia-builder-el-1  el_after_av_heading  avia-builder-el-last '><ul class='avia-icon-list avia_animate_when_almost_visible avia-icon-list-left av-iconlist-big av-3kn0yx-c5afac6f4b59ac2964acce1c7aaa4079 avia-iconlist-animate'>\n<li><div class='iconlist_icon av-sjxd-6879e330a06a020df915c689a1918dd1 avia-font-entypo-fontello'><span class='iconlist-char' aria-hidden='true' data-av_icon='\ue812' data-av_iconfont='entypo-fontello'><\/span><\/div><article class=\"article-icon-entry \"  itemscope=\"itemscope\" itemtype=\"https:\/\/schema.org\/CreativeWork\" ><div class=\"iconlist_content_wrap\"><header class=\"entry-content-header\"><h4 class='av_iconlist_title iconlist_title  '  itemprop=\"headline\" >REGLAMENTO INTERNO DEL CENTRO POLIT\u00c9CNICO PARTICULAR SAN RAM\u00d3N 2026<\/h4><\/header><div class='iconlist_content '  itemprop=\"text\" ><p><a href=\"https:\/\/politecnicosanramon.cl\/venancia-leiva\/wp-content\/uploads\/2026\/03\/2026-Reglamento-Interno-CPP-San-Ramon.pdf\" target=\"_blank\" rel=\"noopener\">Descargar<\/a><\/p>\n<\/div><\/div><footer class=\"entry-footer\"><\/footer><\/article><div class=\"iconlist-timeline\"><\/div><\/li>\n<li><div class='iconlist_icon av-buunt-436e1e76719e82ee73e81fad0ee6b173 avia-font-entypo-fontello'><span class='iconlist-char' aria-hidden='true' data-av_icon='\ue812' data-av_iconfont='entypo-fontello'><\/span><\/div><article class=\"article-icon-entry \"  itemscope=\"itemscope\" itemtype=\"https:\/\/schema.org\/CreativeWork\" ><div class=\"iconlist_content_wrap\"><header class=\"entry-content-header\"><h4 class='av_iconlist_title iconlist_title  '  itemprop=\"headline\" >CUENTA P\u00daBLICA 2025<\/h4><\/header><div class='iconlist_content '  itemprop=\"text\" ><p><a href=\"https:\/\/politecnicosanramon.cl\/venancia-leiva\/wp-content\/uploads\/2026\/03\/CUENTA-PUBLICA-2025.pdf\" target=\"_blank\" rel=\"noopener\">Descargar<\/a><\/p>\n<\/div><\/div><footer class=\"entry-footer\"><\/footer><\/article><div class=\"iconlist-timeline\"><\/div><\/li>\n<li><div class='iconlist_icon av-clhrl-869d6839bd140873e2cf94c5da6b32f9 avia-font-entypo-fontello'><span class='iconlist-char' aria-hidden='true' data-av_icon='\ue812' data-av_iconfont='entypo-fontello'><\/span><\/div><article class=\"article-icon-entry \"  itemscope=\"itemscope\" itemtype=\"https:\/\/schema.org\/CreativeWork\" ><div class=\"iconlist_content_wrap\"><header class=\"entry-content-header\"><h4 class='av_iconlist_title iconlist_title  '  itemprop=\"headline\" >Proyecto Educativo Institucional<\/h4><\/header><div class='iconlist_content '  itemprop=\"text\" ><p><a href=\"https:\/\/politecnicosanramon.cl\/venancia-leiva\/wp-content\/uploads\/2021\/06\/PEI_Centro_Politecnico_Particular_San_Ramon_2021.pdf\" target=\"_blank\" rel=\"noopener\">Descargar<\/a><\/p>\n<\/div><\/div><footer class=\"entry-footer\"><\/footer><\/article><div class=\"iconlist-timeline\"><\/div><\/li>\n<li><div class='iconlist_icon av-axue1-f5d8c72316a3a42e1db2cfe1909f1295 avia-font-entypo-fontello'><span class='iconlist-char' aria-hidden='true' data-av_icon='\ue812' data-av_iconfont='entypo-fontello'><\/span><\/div><article class=\"article-icon-entry \"  itemscope=\"itemscope\" itemtype=\"https:\/\/schema.org\/CreativeWork\" ><div class=\"iconlist_content_wrap\"><header class=\"entry-content-header\"><h4 class='av_iconlist_title iconlist_title  '  itemprop=\"headline\" >Reglamento de Evaluaci\u00f3n<\/h4><\/header><div class='iconlist_content '  itemprop=\"text\" ><p><a href=\"https:\/\/politecnicosanramon.cl\/venancia-leiva\/wp-content\/uploads\/2021\/06\/REGLAMENTO_EVALUACION_CPP_SAN_RAMON.pdf\" target=\"_blank\" rel=\"noopener\">Descargar<\/a><\/p>\n<\/div><\/div><footer class=\"entry-footer\"><\/footer><\/article><div class=\"iconlist-timeline\"><\/div><\/li>\n<li><div class='iconlist_icon av-2ce9gp-677ceaabad6348b91c9be02b4232368a avia-font-entypo-fontello'><span class='iconlist-char' aria-hidden='true' data-av_icon='\ue812' data-av_iconfont='entypo-fontello'><\/span><\/div><article class=\"article-icon-entry \"  itemscope=\"itemscope\" itemtype=\"https:\/\/schema.org\/CreativeWork\" ><div class=\"iconlist_content_wrap\"><header class=\"entry-content-header\"><h4 class='av_iconlist_title iconlist_title  '  itemprop=\"headline\" >PROTOCOLO DE PREVENCI\u00d3N DEL CIBERBULLYING<\/h4><\/header><div class='iconlist_content '  itemprop=\"text\" ><p><a href=\"https:\/\/politecnicosanramon.cl\/venancia-leiva\/wp-content\/uploads\/2026\/03\/Protocolo-de-Ciberbullying.pdf\" target=\"_blank\" rel=\"noopener\">Descargar<\/a><\/p>\n<\/div><\/div><footer class=\"entry-footer\"><\/footer><\/article><div class=\"iconlist-timeline\"><\/div><\/li>\n<li><div class='iconlist_icon av-24o87d-e52e6451cebe48b6e7ada9d41bc4fbdf avia-font-entypo-fontello'><span class='iconlist-char' aria-hidden='true' data-av_icon='\ue812' data-av_iconfont='entypo-fontello'><\/span><\/div><article class=\"article-icon-entry \"  itemscope=\"itemscope\" itemtype=\"https:\/\/schema.org\/CreativeWork\" ><div class=\"iconlist_content_wrap\"><header class=\"entry-content-header\"><h4 class='av_iconlist_title iconlist_title  '  itemprop=\"headline\" >PROTOCOLO DE ACTUACION FRENTE AL PORTE Y\/O CONSUMO DE DROGAS<\/h4><\/header><div class='iconlist_content '  itemprop=\"text\" ><p><a href=\"https:\/\/politecnicosanramon.cl\/venancia-leiva\/wp-content\/uploads\/2026\/03\/Protocolo-de-drogas.pdf\" target=\"_blank\" rel=\"noopener\">Descargar<\/a><\/p>\n<\/div><\/div><footer class=\"entry-footer\"><\/footer><\/article><div class=\"iconlist-timeline\"><\/div><\/li>\n<li><div class='iconlist_icon av-1wd9ux-e43badecbdab625a6b9f670745d78bde avia-font-entypo-fontello'><span class='iconlist-char' aria-hidden='true' data-av_icon='\ue812' data-av_iconfont='entypo-fontello'><\/span><\/div><article class=\"article-icon-entry \"  itemscope=\"itemscope\" itemtype=\"https:\/\/schema.org\/CreativeWork\" ><div class=\"iconlist_content_wrap\"><header class=\"entry-content-header\"><h4 class='av_iconlist_title iconlist_title  '  itemprop=\"headline\" >PROTOCOLO DE ALUMNAS EMBARAZADAS, MATERNIDAD Y PATERNIDAD<\/h4><\/header><div class='iconlist_content '  itemprop=\"text\" ><p><a href=\"https:\/\/politecnicosanramon.cl\/venancia-leiva\/wp-content\/uploads\/2026\/03\/PROTOCOLO-DE-EMBARAZO.pdf\" target=\"_blank\" rel=\"noopener\">Descargar<\/a><\/p>\n<\/div><\/div><footer class=\"entry-footer\"><\/footer><\/article><div class=\"iconlist-timeline\"><\/div><\/li>\n<li><div class='iconlist_icon av-1ox3jd-1b0b7c13a8659df376f9d108dfec3986 avia-font-entypo-fontello'><span class='iconlist-char' aria-hidden='true' data-av_icon='\ue812' data-av_iconfont='entypo-fontello'><\/span><\/div><article class=\"article-icon-entry \"  itemscope=\"itemscope\" itemtype=\"https:\/\/schema.org\/CreativeWork\" ><div class=\"iconlist_content_wrap\"><header class=\"entry-content-header\"><h4 class='av_iconlist_title iconlist_title  '  itemprop=\"headline\" >PROTOCOLO DE INCENDIO, ATENTADO EXPLOSIVO O SITUACION DE EMERGENCIA CAUSADA POR TERCEROS<\/h4><\/header><div class='iconlist_content '  itemprop=\"text\" ><p><a href=\"https:\/\/politecnicosanramon.cl\/venancia-leiva\/wp-content\/uploads\/2026\/03\/Protocolo-de-Incendio-atentado-etc-CPPSR.pdf\" target=\"_blank\" rel=\"noopener\">Descargar<\/a><\/p>\n<\/div><\/div><footer class=\"entry-footer\"><\/footer><\/article><div class=\"iconlist-timeline\"><\/div><\/li>\n<li><div class='iconlist_icon av-1jmc95-4bef322cf273112d357bdf60b7dc44c0 avia-font-entypo-fontello'><span class='iconlist-char' aria-hidden='true' data-av_icon='\ue812' data-av_iconfont='entypo-fontello'><\/span><\/div><article class=\"article-icon-entry \"  itemscope=\"itemscope\" itemtype=\"https:\/\/schema.org\/CreativeWork\" ><div class=\"iconlist_content_wrap\"><header class=\"entry-content-header\"><h4 class='av_iconlist_title iconlist_title  '  itemprop=\"headline\" >PROTOCOLO DE ACTUACI\u00d3N FRENTE A MALTRATO F\u00cdSICO Y PSICOL\u00d3GICO DE UN ADULTO A UN ESTUDIANTE<\/h4><\/header><div class='iconlist_content '  itemprop=\"text\" ><p><a href=\"https:\/\/politecnicosanramon.cl\/venancia-leiva\/wp-content\/uploads\/2026\/03\/protocolo-de-maltrato-de-adulto-a-estudiante.pdf\" target=\"_blank\" rel=\"noopener\">Descargar<\/a><\/p>\n<\/div><\/div><footer class=\"entry-footer\"><\/footer><\/article><div class=\"iconlist-timeline\"><\/div><\/li>\n<li><div class='iconlist_icon av-187i4p-e545dc981bdfc73aeddb91e3736383a2 avia-font-entypo-fontello'><span class='iconlist-char' aria-hidden='true' data-av_icon='\ue812' data-av_iconfont='entypo-fontello'><\/span><\/div><article class=\"article-icon-entry \"  itemscope=\"itemscope\" itemtype=\"https:\/\/schema.org\/CreativeWork\" ><div class=\"iconlist_content_wrap\"><header class=\"entry-content-header\"><h4 class='av_iconlist_title iconlist_title  '  itemprop=\"headline\" >PROTOCOLO DE ACCI\u00d3N DEL ESTABLECIMIENTO EN CASO DE UN MOVIMIENTO TEL\u00daRICO<\/h4><\/header><div class='iconlist_content '  itemprop=\"text\" ><p><a href=\"https:\/\/politecnicosanramon.cl\/venancia-leiva\/wp-content\/uploads\/2026\/03\/Protocolo-en-caso-de-sismo.pdf\" target=\"_blank\" rel=\"noopener\">Descargar<\/a><\/p>\n<\/div><\/div><footer class=\"entry-footer\"><\/footer><\/article><div class=\"iconlist-timeline\"><\/div><\/li>\n<li><div class='iconlist_icon av-wg5e1-ee93f76b1446a4217a9d7a3cc36a7229 avia-font-entypo-fontello'><span class='iconlist-char' aria-hidden='true' data-av_icon='\ue812' data-av_iconfont='entypo-fontello'><\/span><\/div><article class=\"article-icon-entry \"  itemscope=\"itemscope\" itemtype=\"https:\/\/schema.org\/CreativeWork\" ><div class=\"iconlist_content_wrap\"><header class=\"entry-content-header\"><h4 class='av_iconlist_title iconlist_title  '  itemprop=\"headline\" >PROTOCOLO PARA SALIDAS PROGRAMADAS DEL ESTABLECIMIENTO<\/h4><\/header><div class='iconlist_content '  itemprop=\"text\" ><p><a href=\"https:\/\/politecnicosanramon.cl\/venancia-leiva\/wp-content\/uploads\/2026\/03\/PROTOCOLO-SALIDAS-PEDAGOGICAS-2018.pdf\" target=\"_blank\" rel=\"noopener\">Descargar<\/a><\/p>\n<\/div><\/div><footer class=\"entry-footer\"><\/footer><\/article><div class=\"iconlist-timeline\"><\/div><\/li>\n<li><div class='iconlist_icon av-mbjm9-34f266c840299021a2364109b6b72b6d avia-font-entypo-fontello'><span class='iconlist-char' aria-hidden='true' data-av_icon='\ue812' data-av_iconfont='entypo-fontello'><\/span><\/div><article class=\"article-icon-entry \"  itemscope=\"itemscope\" itemtype=\"https:\/\/schema.org\/CreativeWork\" ><div class=\"iconlist_content_wrap\"><header class=\"entry-content-header\"><h4 class='av_iconlist_title iconlist_title  '  itemprop=\"headline\" >REGLAMENTO DEL CONSEJO ESCOLAR<\/h4><\/header><div class='iconlist_content '  itemprop=\"text\" ><p><a href=\"https:\/\/politecnicosanramon.cl\/venancia-leiva\/wp-content\/uploads\/2026\/03\/REGLAMENTO-DEL-CONSEJO-ESCOLAR.pdf\" target=\"_blank\" rel=\"noopener\">Descargar<\/a><\/p>\n<\/div><\/div><footer class=\"entry-footer\"><\/footer><\/article><div class=\"iconlist-timeline\"><\/div><\/li>\n<\/ul><\/div>\n","protected":false},"excerpt":{"rendered":"","protected":false},"author":1,"featured_media":0,"parent":0,"menu_order":0,"comment_status":"closed","ping_status":"closed","template":"","meta":{"footnotes":""},"class_list":["post-193","page","type-page","status-publish","hentry"],"_links":{"self":[{"href":"https:\/\/politecnicosanramon.cl\/venancia-leiva\/wp-json\/wp\/v2\/pages\/193","targetHints":{"allow":["GET"]}}],"collection":[{"href":"https:\/\/politecnicosanramon.cl\/venancia-leiva\/wp-json\/wp\/v2\/pages"}],"about":[{"href":"https:\/\/politecnicosanramon.cl\/venancia-leiva\/wp-json\/wp\/v2\/types\/page"}],"author":[{"embeddable":true,"href":"https:\/\/politecnicosanramon.cl\/venancia-leiva\/wp-json\/wp\/v2\/users\/1"}],"replies":[{"embeddable":true,"href":"https:\/\/politecnicosanramon.cl\/venancia-leiva\/wp-json\/wp\/v2\/comments?post=193"}],"version-history":[{"count":37,"href":"https:\/\/politecnicosanramon.cl\/venancia-leiva\/wp-json\/wp\/v2\/pages\/193\/revisions"}],"predecessor-version":[{"id":986,"href":"https:\/\/politecnicosanramon.cl\/venancia-leiva\/wp-json\/wp\/v2\/pages\/193\/revisions\/986"}],"wp:attachment":[{"href":"https:\/\/politecnicosanramon.cl\/venancia-leiva\/wp-json\/wp\/v2\/media?parent=193"}],"curies":[{"name":"wp","href":"https:\/\/api.w.org\/{rel}","templated":true}]}}