{"id":73,"date":"2018-01-05T00:55:09","date_gmt":"2018-01-05T03:55:09","guid":{"rendered":"http:\/\/politecnicosanramon.cl\/sede_venancia_leiva\/?page_id=73"},"modified":"2025-05-10T17:56:49","modified_gmt":"2025-05-10T21:56:49","slug":"servicio-de-alimentacion-colectiva","status":"publish","type":"page","link":"https:\/\/politecnicosanramon.cl\/venancia-leiva\/servicio-de-alimentacion-colectiva\/","title":{"rendered":"Servicio de Alimentaci\u00f3n Colectiva"},"content":{"rendered":"<div id='av-layout-grid-1'  class='av-layout-grid-container av-6ikqd-c3227641e8ebf10ba312374fff62410a entry-content-wrapper main_color av-flex-cells  avia-builder-el-0  el_before_av_section  avia-builder-el-first   container_wrap fullsize'  >\n\n<style type=\"text\/css\" data-created_by=\"avia_inline_auto\" id=\"style-css-av-kcb5-c353ac98283c4c90ed7b0bc9d745ab19\">\n.flex_cell.av-kcb5-c353ac98283c4c90ed7b0bc9d745ab19{\nvertical-align:top;\npadding:5px 5px 5px 5px;\nbackground-color:#72131f;\n}\n<\/style>\n<div class='flex_cell av-kcb5-c353ac98283c4c90ed7b0bc9d745ab19 av-gridrow-cell av_one_half no_margin  avia-builder-el-1  el_before_av_cell_one_half  avia-builder-el-first ' ><div class='flex_cell_inner'><\/div><\/div>\n<style type=\"text\/css\" data-created_by=\"avia_inline_auto\" id=\"style-css-av-56auh-34fb553574915e42a8c7de42009703c4\">\n.flex_cell.av-56auh-34fb553574915e42a8c7de42009703c4{\nvertical-align:top;\npadding:5px 5px 5px 5px;\nbackground-color:#72131f;\n}\n<\/style>\n<div class='flex_cell av-56auh-34fb553574915e42a8c7de42009703c4 av-gridrow-cell av_one_half no_margin  avia-builder-el-2  el_after_av_cell_one_half  avia-builder-el-last ' ><div class='flex_cell_inner'><\/div><\/div>\n<\/div>\n<div id='av_section_1'  class='avia-section av-4kte1-1007ba9b90cb46fc01f889ff45db02ae main_color avia-section-default avia-no-shadow  avia-builder-el-3  el_after_av_layout_row  avia-builder-el-last  avia-bg-style-scroll container_wrap fullsize'  ><div class='container av-section-cont-open' ><div class='template-page content  av-content-full alpha units'><div class='post-entry post-entry-type-page post-entry-73'><div class='entry-content-wrapper clearfix'>\n\n<style type=\"text\/css\" data-created_by=\"avia_inline_auto\" id=\"style-css-av-3rtk9-5c991d5a87fbc47daea84ae05b37f961\">\n.flex_column.av-3rtk9-5c991d5a87fbc47daea84ae05b37f961{\n-webkit-border-radius:0px 0px 0px 0px;\n-moz-border-radius:0px 0px 0px 0px;\nborder-radius:0px 0px 0px 0px;\n}\n<\/style>\n<div class='flex_column av-3rtk9-5c991d5a87fbc47daea84ae05b37f961 av_one_third  avia-builder-el-4  el_before_av_two_third  avia-builder-el-first  first flex_column_div av-zero-column-padding '     ><div  class='avia-builder-widget-area clearfix  avia-builder-el-5  avia-builder-el-no-sibling '><div id=\"nav_menu-5\" class=\"widget clearfix widget_nav_menu\"><h3 class=\"widgettitle\">Especialidades T\u00e9cnico Profesional<\/h3><div class=\"menu-especial-container\"><ul id=\"menu-especial\" class=\"menu\"><li id=\"menu-item-85\" class=\"menu-item menu-item-type-post_type menu-item-object-page menu-item-85\"><a href=\"https:\/\/politecnicosanramon.cl\/venancia-leiva\/servicio-de-alimentacion-colectiva\/\">Gastronom\u00eda menci\u00f3n Cocina<\/a><\/li>\n<li id=\"menu-item-86\" class=\"menu-item menu-item-type-post_type menu-item-object-page menu-item-86\"><a href=\"https:\/\/politecnicosanramon.cl\/venancia-leiva\/administracion\/\">Administraci\u00f3n menci\u00f3n Recursos Humanos<\/a><\/li>\n<\/ul><\/div><\/div><\/div><\/div>\n<style type=\"text\/css\" data-created_by=\"avia_inline_auto\" id=\"style-css-av-2vz41-edc5fedb14040151a72342e9b9080e8e\">\n.flex_column.av-2vz41-edc5fedb14040151a72342e9b9080e8e{\n-webkit-border-radius:0px 0px 0px 0px;\n-moz-border-radius:0px 0px 0px 0px;\nborder-radius:0px 0px 0px 0px;\n}\n<\/style>\n<div class='flex_column av-2vz41-edc5fedb14040151a72342e9b9080e8e av_two_third  avia-builder-el-6  el_after_av_one_third  avia-builder-el-last  flex_column_div av-zero-column-padding '     ><p>\n<style type=\"text\/css\" data-created_by=\"avia_inline_auto\" id=\"style-css-av-k907062w-4b54d4635e199c090aaa89c41480739e\">\n#top .av-special-heading.av-k907062w-4b54d4635e199c090aaa89c41480739e{\npadding-bottom:5px;\ncolor:#72131f;\n}\nbody .av-special-heading.av-k907062w-4b54d4635e199c090aaa89c41480739e .av-special-heading-tag .heading-char{\nfont-size:25px;\n}\n.av-special-heading.av-k907062w-4b54d4635e199c090aaa89c41480739e .special-heading-inner-border{\nborder-color:#72131f;\n}\n.av-special-heading.av-k907062w-4b54d4635e199c090aaa89c41480739e .av-subheading{\nfont-size:15px;\n}\n<\/style>\n<div  class='av-special-heading av-k907062w-4b54d4635e199c090aaa89c41480739e av-special-heading-h3 custom-color-heading  avia-builder-el-7  el_before_av_textblock  avia-builder-el-first '><h3 class='av-special-heading-tag'  itemprop=\"headline\"  >Gastronom\u00eda menci\u00f3n Cocina<\/h3><div class=\"special-heading-border\"><div class=\"special-heading-inner-border\"><\/div><\/div><\/div><br \/>\n<section  class='av_textblock_section av-1d10x-ba8fd26a7b3f25e0f9e119ca928e9d8d'  itemscope=\"itemscope\" itemtype=\"https:\/\/schema.org\/CreativeWork\" ><div class='avia_textblock'  itemprop=\"text\" ><p style=\"text-align: justify;\">Formamos especialistas capaces de elaborar alimentos. Con manejo administrativo en la distribuci\u00f3n de alimentaci\u00f3n colectiva y con un amplio dominio en los procesos de comercializaci\u00f3n de productos alimenticios.<\/p>\n<\/div><\/section><br \/>\n\n<style type=\"text\/css\" data-created_by=\"avia_inline_auto\" id=\"style-css-av-w85x-9711eb46cde2b8262e94612e386ccbf4\">\n.avia-image-container.av-w85x-9711eb46cde2b8262e94612e386ccbf4 img.avia_image{\nbox-shadow:none;\n}\n.avia-image-container.av-w85x-9711eb46cde2b8262e94612e386ccbf4 .av-image-caption-overlay-center{\ncolor:#ffffff;\n}\n<\/style>\n<div  class='avia-image-container av-w85x-9711eb46cde2b8262e94612e386ccbf4 av-styling- avia-align-center  avia-builder-el-9  el_after_av_textblock  avia-builder-el-last '   itemprop=\"image\" itemscope=\"itemscope\" itemtype=\"https:\/\/schema.org\/ImageObject\" ><div class=\"avia-image-container-inner\"><div class=\"avia-image-overlay-wrap\"><img decoding=\"async\" class='wp-image-848 avia-img-lazy-loading-not-848 avia_image ' src=\"https:\/\/politecnicosanramon.cl\/venancia-leiva\/wp-content\/uploads\/2025\/05\/WhatsApp-Image-2024-05-30-at-22.43.44.jpeg\" alt='' title='WhatsApp Image 2024-05-30 at 22.43.44'  height=\"1200\" width=\"1600\"  itemprop=\"thumbnailUrl\" srcset=\"https:\/\/politecnicosanramon.cl\/venancia-leiva\/wp-content\/uploads\/2025\/05\/WhatsApp-Image-2024-05-30-at-22.43.44.jpeg 1600w, https:\/\/politecnicosanramon.cl\/venancia-leiva\/wp-content\/uploads\/2025\/05\/WhatsApp-Image-2024-05-30-at-22.43.44-300x225.jpeg 300w, https:\/\/politecnicosanramon.cl\/venancia-leiva\/wp-content\/uploads\/2025\/05\/WhatsApp-Image-2024-05-30-at-22.43.44-1030x773.jpeg 1030w, https:\/\/politecnicosanramon.cl\/venancia-leiva\/wp-content\/uploads\/2025\/05\/WhatsApp-Image-2024-05-30-at-22.43.44-768x576.jpeg 768w, https:\/\/politecnicosanramon.cl\/venancia-leiva\/wp-content\/uploads\/2025\/05\/WhatsApp-Image-2024-05-30-at-22.43.44-1536x1152.jpeg 1536w, https:\/\/politecnicosanramon.cl\/venancia-leiva\/wp-content\/uploads\/2025\/05\/WhatsApp-Image-2024-05-30-at-22.43.44-1500x1125.jpeg 1500w, https:\/\/politecnicosanramon.cl\/venancia-leiva\/wp-content\/uploads\/2025\/05\/WhatsApp-Image-2024-05-30-at-22.43.44-705x529.jpeg 705w\" sizes=\"(max-width: 1600px) 100vw, 1600px\" \/><\/div><\/div><\/div><\/p><\/div>\n","protected":false},"excerpt":{"rendered":"","protected":false},"author":1,"featured_media":0,"parent":0,"menu_order":0,"comment_status":"closed","ping_status":"closed","template":"","meta":{"footnotes":""},"class_list":["post-73","page","type-page","status-publish","hentry"],"_links":{"self":[{"href":"https:\/\/politecnicosanramon.cl\/venancia-leiva\/wp-json\/wp\/v2\/pages\/73","targetHints":{"allow":["GET"]}}],"collection":[{"href":"https:\/\/politecnicosanramon.cl\/venancia-leiva\/wp-json\/wp\/v2\/pages"}],"about":[{"href":"https:\/\/politecnicosanramon.cl\/venancia-leiva\/wp-json\/wp\/v2\/types\/page"}],"author":[{"embeddable":true,"href":"https:\/\/politecnicosanramon.cl\/venancia-leiva\/wp-json\/wp\/v2\/users\/1"}],"replies":[{"embeddable":true,"href":"https:\/\/politecnicosanramon.cl\/venancia-leiva\/wp-json\/wp\/v2\/comments?post=73"}],"version-history":[{"count":4,"href":"https:\/\/politecnicosanramon.cl\/venancia-leiva\/wp-json\/wp\/v2\/pages\/73\/revisions"}],"predecessor-version":[{"id":973,"href":"https:\/\/politecnicosanramon.cl\/venancia-leiva\/wp-json\/wp\/v2\/pages\/73\/revisions\/973"}],"wp:attachment":[{"href":"https:\/\/politecnicosanramon.cl\/venancia-leiva\/wp-json\/wp\/v2\/media?parent=73"}],"curies":[{"name":"wp","href":"https:\/\/api.w.org\/{rel}","templated":true}]}}